{"id":395,"date":"2023-07-11T23:42:40","date_gmt":"2023-07-12T02:42:40","guid":{"rendered":"http:\/\/ofertasautoviachevrolet.com.br\/?page_id=395"},"modified":"2023-07-28T17:06:14","modified_gmt":"2023-07-28T20:06:14","slug":"sobre-nos","status":"publish","type":"page","link":"https:\/\/ofertasautoviachevrolet.com.br\/?page_id=395","title":{"rendered":"Sobre N\u00f3s"},"content":{"rendered":"\t\t<div data-elementor-type=\"wp-page\" data-elementor-id=\"395\" class=\"elementor elementor-395\" data-elementor-post-type=\"page\">\n\t\t\t\t\t\t<section class=\"elementor-section elementor-top-section elementor-element elementor-element-4031c569 elementor-section-content-middle elementor-section-full_width elementor-section-height-default elementor-section-height-default\" data-id=\"4031c569\" data-element_type=\"section\" data-settings=\"{&quot;background_background&quot;:&quot;classic&quot;}\">\n\t\t\t\t\t\t<div class=\"elementor-container elementor-column-gap-no\">\n\t\t\t\t\t<div class=\"elementor-column elementor-col-50 elementor-top-column elementor-element elementor-element-116a00a0\" data-id=\"116a00a0\" data-element_type=\"column\">\n\t\t\t<div class=\"elementor-widget-wrap\">\n\t\t\t\t\t\t\t<\/div>\n\t\t<\/div>\n\t\t\t\t<div class=\"elementor-column elementor-col-50 elementor-top-column elementor-element elementor-element-9a349cb elementor-hidden-tablet elementor-hidden-mobile\" data-id=\"9a349cb\" data-element_type=\"column\" data-settings=\"{&quot;background_background&quot;:&quot;classic&quot;}\">\n\t\t\t<div class=\"elementor-widget-wrap\">\n\t\t\t\t\t\t\t<\/div>\n\t\t<\/div>\n\t\t\t\t\t<\/div>\n\t\t<\/section>\n\t\t\t\t<\/div>\n\t\t","protected":false},"excerpt":{"rendered":"<p>Sobre N\u00f3s! Encontre o melhor da Chevrolet com o melhor atendimento na Autovia! A Autovia est\u00e1 localizada em\u00a0Jo\u00e3o Pessoa, Para\u00edba, e faz parte do Grupo S\u00e3o Braz. Foi criada em 11 de julho de 2006, e sua classifica\u00e7\u00e3o \u00e9 categoria \u201cA\u201d pela General Motors do Brasil. Sua trajet\u00f3ria \u00e9 marcada por prestar bons\u00a0servi\u00e7os\u00a0com \u00e9tica e [&hellip;]<\/p>\n","protected":false},"author":1,"featured_media":0,"parent":0,"menu_order":0,"comment_status":"closed","ping_status":"closed","template":"","meta":{"footnotes":""},"class_list":["post-395","page","type-page","status-publish","hentry"],"_links":{"self":[{"href":"https:\/\/ofertasautoviachevrolet.com.br\/index.php?rest_route=\/wp\/v2\/pages\/395","targetHints":{"allow":["GET"]}}],"collection":[{"href":"https:\/\/ofertasautoviachevrolet.com.br\/index.php?rest_route=\/wp\/v2\/pages"}],"about":[{"href":"https:\/\/ofertasautoviachevrolet.com.br\/index.php?rest_route=\/wp\/v2\/types\/page"}],"author":[{"embeddable":true,"href":"https:\/\/ofertasautoviachevrolet.com.br\/index.php?rest_route=\/wp\/v2\/users\/1"}],"replies":[{"embeddable":true,"href":"https:\/\/ofertasautoviachevrolet.com.br\/index.php?rest_route=%2Fwp%2Fv2%2Fcomments&post=395"}],"version-history":[{"count":7,"href":"https:\/\/ofertasautoviachevrolet.com.br\/index.php?rest_route=\/wp\/v2\/pages\/395\/revisions"}],"predecessor-version":[{"id":1648,"href":"https:\/\/ofertasautoviachevrolet.com.br\/index.php?rest_route=\/wp\/v2\/pages\/395\/revisions\/1648"}],"wp:attachment":[{"href":"https:\/\/ofertasautoviachevrolet.com.br\/index.php?rest_route=%2Fwp%2Fv2%2Fmedia&parent=395"}],"curies":[{"name":"wp","href":"https:\/\/api.w.org\/{rel}","templated":true}]}}