{"id":931,"date":"2023-07-22T16:04:29","date_gmt":"2023-07-22T19:04:29","guid":{"rendered":"http:\/\/ofertasautoviachevrolet.com.br\/?page_id=931"},"modified":"2023-07-22T16:11:14","modified_gmt":"2023-07-22T19:11:14","slug":"politica-de-privacidade","status":"publish","type":"page","link":"https:\/\/ofertasautoviachevrolet.com.br\/?page_id=931","title":{"rendered":"Pol\u00edtica de Privacidade"},"content":{"rendered":"\t\t<div data-elementor-type=\"wp-page\" data-elementor-id=\"931\" class=\"elementor elementor-931\" data-elementor-post-type=\"page\">\n\t\t\t\t\t\t<section class=\"elementor-section elementor-top-section elementor-element elementor-element-d544f81 elementor-section-boxed elementor-section-height-default elementor-section-height-default\" data-id=\"d544f81\" data-element_type=\"section\">\n\t\t\t\t\t\t<div class=\"elementor-container elementor-column-gap-default\">\n\t\t\t\t\t<div class=\"elementor-column elementor-col-100 elementor-top-column elementor-element elementor-element-94768fb\" data-id=\"94768fb\" data-element_type=\"column\">\n\t\t\t<div class=\"elementor-widget-wrap elementor-element-populated\">\n\t\t\t\t\t\t<div class=\"elementor-element elementor-element-cae9c1d elementor-widget elementor-widget-heading\" data-id=\"cae9c1d\" data-element_type=\"widget\" data-widget_type=\"heading.default\">\n\t\t\t\t<div class=\"elementor-widget-container\">\n\t\t\t<h2 class=\"elementor-heading-title elementor-size-default\">Pol\u00edtica de Privacidade<\/h2>\t\t<\/div>\n\t\t\t\t<\/div>\n\t\t\t\t<div class=\"elementor-element elementor-element-f21adda elementor-widget elementor-widget-heading\" data-id=\"f21adda\" data-element_type=\"widget\" data-widget_type=\"heading.default\">\n\t\t\t\t<div class=\"elementor-widget-container\">\n\t\t\t<h2 class=\"elementor-heading-title elementor-size-default\">Introdu\u00e7\u00e3o<\/h2>\t\t<\/div>\n\t\t\t\t<\/div>\n\t\t\t\t<div class=\"elementor-element elementor-element-de4ed4d elementor-widget elementor-widget-text-editor\" data-id=\"de4ed4d\" data-element_type=\"widget\" data-widget_type=\"text-editor.default\">\n\t\t\t\t<div class=\"elementor-widget-container\">\n\t\t\t\t\t\t\t<p>A AUTOVIA VEICULOS E PE\u00c7AS LTDA. realiza o tratamento dos dados de seus clientes e colaboradores de acordo com a Pol\u00edtica de Privacidade da AUTOVIA VEICULOS E PE\u00c7AS LTDA. a qual pode ser consultada a qualquer momento no endere\u00e7o eletr\u00f4nico\u00a0<a href=\"http:\/\/www.autoviachevrolet.com.br\/politica-de-privacidade\">www.autoviachevrolet.com.br\/politica-de-privacidade<\/a>.<\/p><p>A Autovia est\u00e1 comprometida em resguardar sua privacidade. O intuito deste documento \u00e9 esclarecer quais informa\u00e7\u00f5es s\u00e3o coletadas dos usu\u00e1rios de nosso site, usu\u00e1rios de nossos canais de atendimento, clientes e colaboradores e de que forma esses dados s\u00e3o manipulados e utilizados.<\/p><p>Alertamos que se voc\u00ea n\u00e3o concorda com o conte\u00fado desta pol\u00edtica, n\u00e3o \u00e9 recomend\u00e1vel que utilize quaisquer de nossos servi\u00e7os ou estabele\u00e7a v\u00ednculos legais.<\/p><p>Nos termos da Pol\u00edtica de Privacidade, a AUTOVIA VEICULOS E PE\u00c7AS LTDA e empresas do mesmo grupo econ\u00f4mico, sendo elas BRAZMOTORS VEICULOS E PE\u00c7AS LTDA; BRAZAUTO COMERCIO DE VEICULOS E PE\u00c7AS LTDA; AUTOBRAZ VEICULOS E PE\u00c7AS LTDA; BRAZSERVI\u00c7E SERVI\u00c7OS E CONSULTORIA LTDA; ARAGUAIA MOTORS COMERCIO DE VEICULOS E PE\u00c7AS LTDA; TELEVIS\u00c3O CABO BRANCO LTDA; S\u00c3O BRAZ S\/A INDUSTRIA E COMERCIO DE ALIMENTOS, poder\u00e3o, aplic\u00e1veis a cada caso, consultar suas informa\u00e7\u00f5es em \u00f3rg\u00e3os reguladores, Cadastro Positivo e entidades que prestam servi\u00e7os para fins de prote\u00e7\u00e3o ao cr\u00e9dito.<\/p><p>A AUTOVIA VEICULOS E PE\u00c7AS LTDA. tamb\u00e9m poder\u00e1 compartilhar seus dados com a GM (General Motors Company) para fins de monitoria e melhoria no atendimento, vendas e servi\u00e7os oferecidos a voc\u00ea, caso aceite essa pol\u00edtica.<\/p><p>A Pol\u00edtica de Privacidade da AUTOVIA VEICULOS E PE\u00c7AS LTDA. foi criada para mostrar o nosso compromisso em sempre tratar os seus dados pessoais com seguran\u00e7a, privacidade e transpar\u00eancia.<\/p><p>Ao aceitar os termos dessa Pol\u00edtica de Privacidade, voc\u00ea est\u00e1 ciente de que a controladora dos seus dados pessoais, ou seja, a empresa respons\u00e1vel por tomar as decis\u00f5es sobre o tratamento dos seus dados pessoais, ser\u00e1 a AUTOVIA VEICULOS E PE\u00c7AS LTDA. inscrita no CNPJ sob n\u00ba 08.039.087\/0001-12, com sede na Cidade de Jo\u00e3o Pessoa, Estado da Para\u00edba, na Av. Dom Pedro II, n\u00ba 1111, Centro, CEP 58013-420.<\/p><p>Esta Pol\u00edtica de Privacidade tamb\u00e9m \u00e9 aplic\u00e1vel a outras formas de coleta de dados pessoais que permitem a presta\u00e7\u00e3o ou o aprimoramento dos nossos servi\u00e7os.<\/p><p>Todas as formas de coleta e os usos dos seus dados pessoais est\u00e3o descritos nesta Pol\u00edtica de Privacidade.<\/p><p>As pr\u00e1ticas descritas nesta Pol\u00edtica de Privacidade s\u00f3 se aplicam ao tratamento dos seus dados pessoais no Brasil e est\u00e3o sujeitas \u00e0s leis locais aplic\u00e1veis, com destaque para a Lei n\u00ba 13.709\/2018 (Lei Geral de Prote\u00e7\u00e3o de Dados Pessoais, ou &#8220;LGPD&#8221;) a partir de sua entrada em vigor.<\/p><p>Para mais informa\u00e7\u00f5es sobre confidencialidade, integridade e seguran\u00e7a da informa\u00e7\u00e3o que transita por meio digital, consulte tamb\u00e9m informa\u00e7\u00f5es em nossa Pol\u00edtica de Seguran\u00e7a no endere\u00e7o eletr\u00f4nico\u00a0<a href=\"http:\/\/www.autoviachevrolet.com.br\/politica-de-privacidade\">www.autoviachevrolet.com.br\/politica-de-privacidade<\/a>. Esta Pol\u00edtica de Privacidade descreve os dados pessoais que coletamos, como eles s\u00e3o usados, armazenados e compartilhados e os seus direitos em rela\u00e7\u00e3o a esses dados. Recomendamos a leitura atenta.<\/p>\t\t\t\t\t\t<\/div>\n\t\t\t\t<\/div>\n\t\t\t\t<div class=\"elementor-element elementor-element-add1a00 elementor-widget elementor-widget-heading\" data-id=\"add1a00\" data-element_type=\"widget\" data-widget_type=\"heading.default\">\n\t\t\t\t<div class=\"elementor-widget-container\">\n\t\t\t<h2 class=\"elementor-heading-title elementor-size-default\">Tratamento de Dados<\/h2>\t\t<\/div>\n\t\t\t\t<\/div>\n\t\t\t\t<div class=\"elementor-element elementor-element-6174bd1 elementor-widget elementor-widget-text-editor\" data-id=\"6174bd1\" data-element_type=\"widget\" data-widget_type=\"text-editor.default\">\n\t\t\t\t<div class=\"elementor-widget-container\">\n\t\t\t\t\t\t\t<p>1 \u2013 Quando coletamos seus dados?<\/p><p>Ao contratar nossos servi\u00e7os, comprar nossos produtos, quando entra em contato conosco atrav\u00e9s de nossos canais de atendimento, realiza cadastros para recebimento de informa\u00e7\u00f5es sobre nossos produtos, ou integra nosso quadro de colaboradores.<\/p><p>A)\u00a0Preenchimentos de Fichas (inclusive para processos seletivos), cadastros, or\u00e7amentos, propostas: Ao entrar em contato conosco atrav\u00e9s de todos os nossos canais de atendimentos, tais como e-mail, Whatsapp, Redes Sociais, Telefones, entre outros, e quando visita nossa loja;<\/p><p>B)\u00a0Contrata\u00e7\u00e3o de Servi\u00e7os e Aquisi\u00e7\u00e3o de Produtos: Quando lhe fornecermos servi\u00e7os ou produtos, coletamos os seus dados pessoais necess\u00e1rios para formaliza\u00e7\u00e3o do neg\u00f3cio;<\/p><p>C)\u00a0Processos seletivos e integrantes do quadro de colaboradores: Ao iniciar em um processo seletivo atrav\u00e9s de envio de curr\u00edculos, cadastramento em vagas, utiliza\u00e7\u00e3o de sites de vagas, preenchimento de cadastros ou na formaliza\u00e7\u00e3o de contrato de trabalho, a AUTOVIA VEICULOS E PE\u00c7AS LTDA. ir\u00e1 colher, armazenar e utilizar seus dados.<\/p><p>Eventualmente, a solicita\u00e7\u00e3o de algumas informa\u00e7\u00f5es pode ser feita por meio de contato direto pela AUTOVIA VEICULOS E PE\u00c7AS LTDA.com os titulares via e-mail, telefone ou outra plataforma digital dispon\u00edvel com o objetivo de dar prosseguimento a atendimentos e procedimentos dos quais o usu\u00e1rio tenha iniciado e\/ou participa.<br \/><br \/><br \/><\/p><p>2 \u2013 Quais dados s\u00e3o coletados?<\/p><p>Coletamos informa\u00e7\u00f5es de identifica\u00e7\u00e3o pessoal fornecidas por voc\u00ea para que possamos viabilizar a contrata\u00e7\u00e3o de nossos produtos e servi\u00e7os, para os casos em que se candidata a vagas ou se torna parte do quadro de colaboradores. Ao aceitar os termos desta Pol\u00edtica de Privacidade, voc\u00ea concorda expressamente em fornecer apenas dados pessoais verdadeiros, atuais e precisos e em n\u00e3o alterar a sua identidade ou seus dados pessoais de qualquer forma no acesso e na utiliza\u00e7\u00e3o dos nossos produtos ou servi\u00e7os.<\/p><p>Voc\u00ea ser\u00e1 o \u00fanico respons\u00e1vel pelas informa\u00e7\u00f5es falsas, desatualizadas ou imprecisas que fornecer.<\/p><p>A)\u00a0Dados pessoais informados pelo titular, seja cliente, candidato \u00e0 vaga de emprego ou colaborador: nome, n\u00fameros dos documentos de identifica\u00e7\u00e3o tais como RG, CPF, CNH entre outros, nacionalidade, endere\u00e7o, data de nascimento, filia\u00e7\u00e3o, g\u00eanero, estado civil, dados de contato, como telefone e e-mail, empresa em que trabalha ou hist\u00f3rico de empresas em que trabalhou para o caso de objetivos profissionais, PIS, CTPS, exames m\u00e9dicos, profiss\u00e3o, renda declarada, dados biom\u00e9tricos, tais como a fotografia do seu documento de identifica\u00e7\u00e3o e do seu rosto.<\/p><p>B)\u00a0Dados pessoais que coletamos de terceiros: nome, filia\u00e7\u00e3o, data de nascimento, CPF, n\u00famero de telefone, endere\u00e7o, negativa\u00e7\u00f5es, dados relativos a d\u00edvidas e cr\u00e9ditos, informa\u00e7\u00f5es sobre hist\u00f3rico de cr\u00e9dito, entre outros.<\/p><p>C)\u00a0Dados p\u00fablicos: Podemos coletar informa\u00e7\u00f5es sobre voc\u00ea que estejam dispon\u00edveis publicamente ou que foram tornadas p\u00fablicas por voc\u00ea, como por exemplo, postados em perfis e p\u00e1ginas nas redes sociais, juntamente com seu nome e imagem (incluindo fotos de perfil).<br \/><br \/><br \/><\/p><p>3 \u2013 Como a AUTOVIA VEICULOS E PE\u00c7AS LTDA. usa seus dados pessoais.<\/p><p>Utilizamos os seus dados pessoais para oferecer e fornecer nossos produtos, prestar nossos servi\u00e7os e para cumprir as formalidades necess\u00e1rias relativas aos contratos firmados conosco.<\/p><p>Detalhamos a seguir as finalidades para as quais utilizamos os seus dados pessoais:<\/p><p>A) Dados pessoais informados pelo titular Finalidades:<\/p><p>I.\u00a0Presta\u00e7\u00e3o dos servi\u00e7os, fornecimentos dos produtos contratados e execu\u00e7\u00e3o dos contratos firmados conosco;<\/p><p>II.\u00a0Identifica\u00e7\u00e3o, autentica\u00e7\u00e3o e verifica\u00e7\u00e3o de requisitos para contrata\u00e7\u00e3o dos servi\u00e7os e produtos comercializados pela AUTOVIA VEICULOS E PE\u00c7AS LTDA.;<\/p><p>III.\u00a0Atendimento de solicita\u00e7\u00f5es e esclarecimento de d\u00favidas;<\/p><p>IV.\u00a0Contato por telefone, e-mail, SMS, WhatsApp, ou outros meios de comunica\u00e7\u00e3o, inclusive para envio de notifica\u00e7\u00f5es, informa\u00e7\u00f5es sobre o uso dos servi\u00e7os da AUTOVIA VEICULOS E PE\u00c7AS LTDA.;<\/p><p>V.\u00a0Envio de documentos relativos \u00e0 aquisi\u00e7\u00e3o de produtos ou contrata\u00e7\u00e3o de servi\u00e7os;<\/p><p>VI.\u00a0Cruzamento de informa\u00e7\u00f5es sobre produtos contratados pelos titulares para oferecimento de novos produtos e servi\u00e7os;<\/p><p>VII.\u00a0Marketing, prospec\u00e7\u00e3o, pesquisas de mercado, de opini\u00e3o e promo\u00e7\u00e3o dos nossos produtos e servi\u00e7os, ou de nossos parceiros, inclusive com viabiliza\u00e7\u00e3o de ofertas e envio de informa\u00e7\u00f5es sobre produtos, servi\u00e7os, novidades, funcionalidades, conte\u00fados, not\u00edcias e demais eventos relevantes para a manuten\u00e7\u00e3o do relacionamento com o titular;<\/p><p>VIII.\u00a0Consultas sobre suas informa\u00e7\u00f5es na base de dados do Sistema de informa\u00e7\u00f5es de Cr\u00e9dito (SCR), mediante a obten\u00e7\u00e3o do seu consentimento com esse uso;<\/p><p>IX.\u00a0Prote\u00e7\u00e3o ao cr\u00e9dito;<\/p><p>X.\u00a0Preven\u00e7\u00e3o e resolu\u00e7\u00e3o de problemas t\u00e9cnicos ou de seguran\u00e7a;<\/p><p>XI.\u00a0Investiga\u00e7\u00f5es e medidas de preven\u00e7\u00e3o e combate a il\u00edcitos, fraudes, crimes financeiros e garantia da seguran\u00e7a dos clientes AUTOVIA VEICULOS E PE\u00c7AS LTDA.;<\/p><p>XII.\u00a0Analisar o perfil dos candidatos a vagas de emprego para entender se \u00e9 adequado ao posto de trabalho eventualmente dispon\u00edvel;<\/p><p>XIII.\u00a0Exerc\u00edcio regular de direitos da AUTOVIA VEICULOS E PE\u00c7AS LTDA. inclusive apresentando documentos em processos judiciais e administrativos, se necess\u00e1rio;<\/p><p>XIV.\u00a0Colabora\u00e7\u00e3o ou cumprimento de ordem judicial, de autoridade competente ou de \u00f3rg\u00e3o fiscalizador;<\/p><p>XV.\u00a0Cadastramento dos dados dos usu\u00e1rios que integram o quadro de colaboradores da AUTOVIA VEICULOS E PE\u00c7AS LTDA. para fins de cumprimento do dever legal, tais como FGTS, Previd\u00eancia Social, folha de pagamento, entre outros;<\/p><p>XVI.\u00a0Cumprimento de obriga\u00e7\u00e3o legal ou regulat\u00f3ria.<\/p><p>B) Dados biom\u00e9tricos Finalidades:<\/p><p>I.\u00a0Preven\u00e7\u00e3o \u00e0 fraude e garantia da sua seguran\u00e7a nos processos de identifica\u00e7\u00e3o e autentica\u00e7\u00e3o de cadastro;<\/p><p>II.\u00a0Cadastramento de empregados no equipamento de controle de jornada e identifica\u00e7\u00e3o pessoal.<\/p><p>C) Dados pessoais que coletamos de terceiros Finalidades:<\/p><p>I.\u00a0Marketing, prospec\u00e7\u00e3o, pesquisas de mercado e de opini\u00e3o;<\/p><p>II.\u00a0Prote\u00e7\u00e3o ao cr\u00e9dito;<\/p><p>III.\u00a0Preven\u00e7\u00e3o e resolu\u00e7\u00e3o de problemas t\u00e9cnicos ou de seguran\u00e7a<\/p><p>IV.\u00a0Cumprimento de obriga\u00e7\u00e3o legal ou regulat\u00f3ria, por exemplo, para manuten\u00e7\u00e3o do seu cadastro atualizado ou cumprimento de obriga\u00e7\u00f5es legais e\/ou regulat\u00f3rias impostas a AUTOVIA VEICULOS E PE\u00c7AS LTDA.;<\/p><p>D) Dados pessoais originados do uso dos nossos produtos e servi\u00e7os Finalidades:<\/p><p>I.\u00a0Presta\u00e7\u00e3o dos servi\u00e7os e oferecimento dos produtos contratados<\/p><p>II.\u00a0Desenvolvimento de novos produtos e servi\u00e7os a serem oferecidos pela AUTOVIA VEICULOS E PE\u00c7AS LTDA. e gera\u00e7\u00e3o de conhecimento para inova\u00e7\u00e3o ou desenvolvimento de novos produtos;<\/p><p>III.\u00a0Testes para aprimoramento dos modelos e servi\u00e7os e produtos;<\/p><p>IV.\u00a0Marketing, prospec\u00e7\u00e3o, pesquisas de mercado, de opini\u00e3o e promo\u00e7\u00e3o dos nossos produtos e servi\u00e7os, ou de nossos parceiros, inclusive com viabiliza\u00e7\u00e3o de ofertas e envio de informa\u00e7\u00f5es sobre produtos, servi\u00e7os, novidades, funcionalidades, conte\u00fados, not\u00edcias e demais eventos relevantes para a manuten\u00e7\u00e3o do relacionamento com voc\u00ea;<\/p><p>V.\u00a0Prote\u00e7\u00e3o ao cr\u00e9dito;<\/p><p>VI.\u00a0Exerc\u00edcio regular de direitos da AUTOVIA VEICULOS E PE\u00c7AS LTDA. inclusive apresentando documentos em processos judiciais e administrativos, se necess\u00e1rio;<\/p><p>VII.\u00a0Colabora\u00e7\u00e3o ou cumprimento de ordem judicial, de autoridade competente ou de \u00f3rg\u00e3o fiscalizador;<\/p><p>VIII.\u00a0Cumprimento de obriga\u00e7\u00e3o legal ou regulat\u00f3ria.<\/p><p>E) Dados p\u00fablicos e\/ou espontaneamente divulgados Finalidades:<\/p><p>I.\u00a0Divulga\u00e7\u00e3o dos produtos e servi\u00e7os prestados pela AUTOVIA VEICULOS E PE\u00c7AS LTDA. em redes sociais, websites, aplicativos ou materiais institucionais e publicit\u00e1rios;<\/p><p>II.\u00a0Prote\u00e7\u00e3o ao cr\u00e9dito;<\/p><p>III.\u00a0Investiga\u00e7\u00f5es e medidas<\/p><p>de preven\u00e7\u00e3o e combate a il\u00edcitos, fraudes e garantia da seguran\u00e7a dos clientes e colaboradores;<\/p><p>\u00a0<\/p><p>IV.\u00a0An\u00e1lise de informa\u00e7\u00f5es e perfil do candidato a vaga de emprego para entendimento se atende aos requisitos da vaga.<\/p><p>V.\u00a0Exerc\u00edcio regular de direitos da AUTOVIA VEICULOS E PE\u00c7AS LTDA.;<\/p><p>VI.\u00a0Cumprimento de obriga\u00e7\u00f5es legais e\/ou regulat\u00f3rias.<\/p><p><br \/><br \/><br \/><\/p><p>4 \u2013 Compartilhamento de dados pessoais A AUTOVIA VEICULOS E PE\u00c7AS LTDA. poder\u00e1 compartilhar os seus dados nos seguintes casos:<\/p><p>I.\u00a0Solicita\u00e7\u00e3o do titular;<\/p><p>II.\u00a0Entre as empresas do grupo econ\u00f4mico;<\/p><p>III.\u00a0Com terceiros parceiros para fins de cumprimento da finalidade do contrato, sendo eles despachantes, institui\u00e7\u00f5es financeiras, empresas de acess\u00f3rios veiculares, corretoras de seguros, seguradoras, transportadoras, montadoras, empresas de call center.<\/p><p>IV.\u00a0Com autoridades e \u00f3rg\u00e3os reguladores para diferentes finalidades, quando exigido.<\/p><p>Sempre que efetuado, o compartilhamento de dados ser\u00e1 realizado dentro dos limites e prop\u00f3sitos dos nossos neg\u00f3cios e de acordo com o que autoriza a legisla\u00e7\u00e3o aplic\u00e1vel.<\/p><p><br \/><br \/><br \/><\/p><p>5 \u2013 Reten\u00e7\u00e3o e Armazenamento dos Dados Pessoais Enquanto voc\u00ea for um Cliente, Prospecto ou Empregado da AUTOVIA VEICULOS E PE\u00c7AS LTDA. durante o uso dos nossos produtos e servi\u00e7os e por todo o per\u00edodo em que a AUTOVIA VEICULOS E PE\u00c7AS LTDA. armazenar seus dados pessoais, eles ser\u00e3o mantidos em ambiente seguro e controlado.<\/p><p>Quando aplic\u00e1vel, e mesmo ap\u00f3s o cumprimento do contrato firmado, podemos armazenar os seus dados pessoais por um per\u00edodo adicional de tempo para fins de auditoria, cumprimento de obriga\u00e7\u00f5es legais ou regulat\u00f3rias, para o exerc\u00edcio regular de direitos ou tamb\u00e9m pelo prazo necess\u00e1rio de acordo com a base legal que justifique a reten\u00e7\u00e3o dos dados.<\/p><p>Os seus Dados Pessoais s\u00e3o armazenados em nosso sistema ou em sistema de terceiro regularmente contratado pela AUTOVIA VEICULOS E PE\u00c7AS LTDA. para fins legais e comerciais, conforme esclarecido neste documento.<\/p><p>Voc\u00ea pode solicitar acesso, corre\u00e7\u00e3o, atualiza\u00e7\u00e3o a qualquer momento. A exclus\u00e3o de seus dados pessoais poder\u00e1 ser solicitada para os casos em que o tratamento possui como finalidades a an\u00e1lise de potencial de mercado, para o direcionamento de ofertas e para aqueles dados captados com o seu Consentimento.<\/p><p>Para isso o titular deve apresentar seu pedido por escrito, gratuitamente, enviando e-mail para o DPO respons\u00e1vel pelo tratamento dos dados\u00a0<a href=\"mailto:dpo@autoviachevrolet.com.br\">dpo@autoviachevrolet.com.br<\/a>. \u00c9 importante ressaltar que, em alguns casos, se voc\u00ea pedir para corrigir, alterar ou excluir os Dados Pessoais, nem sempre poderemos faz\u00ea-lo. Se for esse o caso, explicaremos o porqu\u00ea, como, por exemplo, quando os dados s\u00e3o necess\u00e1rios para prote\u00e7\u00e3o do cr\u00e9dito ou cumprimento do dever legal, conforme a legisla\u00e7\u00e3o aplic\u00e1vel.<br \/><br \/><br \/><\/p><p>6 \u2013 Consentimento Ao longo desta Pol\u00edtica de Privacidade, informamos que alguns dados pessoais somente ser\u00e3o coletados pela AUTOVIA VEICULOS E PE\u00c7AS LTDA. com o seu consentimento. Da mesma forma, esses dados pessoais somente poder\u00e3o ser tratados mediante autoriza\u00e7\u00e3o e para as finalidades descritas.<\/p><p>Ao ler esta Pol\u00edtica de Privacidade e assinalar nos formul\u00e1rios e termos utilizados pela AUTOVIA VEICULOS E PE\u00c7AS LTDA. em &#8220;Eu li, estou ciente das condi\u00e7\u00f5es de tratamento dos meus dados pessoais e forne\u00e7o meu consentimento, quando aplic\u00e1vel, conforme descrito nesta Pol\u00edtica de Privacidade.&#8221; voc\u00ea consente com o tratamento dos dados pessoais nas formas aqui indicadas.<\/p><p>Vale lembrar que o tratamento de seus dados pessoais \u00e9 condi\u00e7\u00e3o necess\u00e1ria para que possamos prestar nossos servi\u00e7os e entregar nossos produtos para voc\u00ea. Caso voc\u00ea tenha d\u00favidas sobre qualquer um dos termos explicados aqui, estamos \u00e0 disposi\u00e7\u00e3o pelo e-mail\u00a0<a href=\"mailto:dpo@autoviachevrolet.com.br\">dpo@autoviachevrolet.com.br<\/a><br \/><br \/><br \/><\/p><p>7 \u2013 Altera\u00e7\u00f5es a essa Pol\u00edtica de Privacidade A AUTOVIA VEICULOS E PE\u00c7AS LTDA. poder\u00e1 alterar esta Pol\u00edtica de Privacidade a qualquer tempo. Toda vez que alguma condi\u00e7\u00e3o relevante desta Pol\u00edtica de Privacidade for alterada, essas altera\u00e7\u00f5es ser\u00e3o v\u00e1lidas, eficazes e vinculantes ap\u00f3s a nova vers\u00e3o ser divulgada no nosso site ou enviada por e-mail para voc\u00ea.<\/p><p>Nas hip\u00f3teses em que as altera\u00e7\u00f5es a esta Pol\u00edtica de Privacidade resultarem em mudan\u00e7as nas pr\u00e1ticas de tratamento de dados pessoais que dependam do seu consentimento, solicitaremos o seu consentimento com os novos termos da Pol\u00edtica de Privacidade em rela\u00e7\u00e3o ao tratamento de dados e finalidades indicados.<\/p><p>Data da \u00faltima atualiza\u00e7\u00e3o: julho de 2021.<br \/><br \/><br \/><\/p><p>8 \u2013 Informa\u00e7\u00f5es adicionais\u00a0<a href=\"mailto:dpo@autoviachevrolet.com.br\">dpo@autoviachevrolet.com.br<\/a><\/p><p>Todas as comunica\u00e7\u00f5es e esclarecimentos poder\u00e3o ser realizados atrav\u00e9s deste e-mail.<\/p>\t\t\t\t\t\t<\/div>\n\t\t\t\t<\/div>\n\t\t\t\t\t<\/div>\n\t\t<\/div>\n\t\t\t\t\t<\/div>\n\t\t<\/section>\n\t\t\t\t<\/div>\n\t\t","protected":false},"excerpt":{"rendered":"<p>Pol\u00edtica de Privacidade Introdu\u00e7\u00e3o A AUTOVIA VEICULOS E PE\u00c7AS LTDA. realiza o tratamento dos dados de seus clientes e colaboradores de acordo com a Pol\u00edtica de Privacidade da AUTOVIA VEICULOS E PE\u00c7AS LTDA. a qual pode ser consultada a qualquer momento no endere\u00e7o eletr\u00f4nico\u00a0www.autoviachevrolet.com.br\/politica-de-privacidade. A Autovia est\u00e1 comprometida em resguardar sua privacidade. O intuito deste [&hellip;]<\/p>\n","protected":false},"author":1,"featured_media":0,"parent":0,"menu_order":0,"comment_status":"closed","ping_status":"closed","template":"","meta":{"footnotes":""},"class_list":["post-931","page","type-page","status-publish","hentry"],"_links":{"self":[{"href":"https:\/\/ofertasautoviachevrolet.com.br\/index.php?rest_route=\/wp\/v2\/pages\/931","targetHints":{"allow":["GET"]}}],"collection":[{"href":"https:\/\/ofertasautoviachevrolet.com.br\/index.php?rest_route=\/wp\/v2\/pages"}],"about":[{"href":"https:\/\/ofertasautoviachevrolet.com.br\/index.php?rest_route=\/wp\/v2\/types\/page"}],"author":[{"embeddable":true,"href":"https:\/\/ofertasautoviachevrolet.com.br\/index.php?rest_route=\/wp\/v2\/users\/1"}],"replies":[{"embeddable":true,"href":"https:\/\/ofertasautoviachevrolet.com.br\/index.php?rest_route=%2Fwp%2Fv2%2Fcomments&post=931"}],"version-history":[{"count":4,"href":"https:\/\/ofertasautoviachevrolet.com.br\/index.php?rest_route=\/wp\/v2\/pages\/931\/revisions"}],"predecessor-version":[{"id":938,"href":"https:\/\/ofertasautoviachevrolet.com.br\/index.php?rest_route=\/wp\/v2\/pages\/931\/revisions\/938"}],"wp:attachment":[{"href":"https:\/\/ofertasautoviachevrolet.com.br\/index.php?rest_route=%2Fwp%2Fv2%2Fmedia&parent=931"}],"curies":[{"name":"wp","href":"https:\/\/api.w.org\/{rel}","templated":true}]}}